{"id":65,"date":"2013-02-13T14:49:31","date_gmt":"2013-02-13T17:49:31","guid":{"rendered":"http:\/\/cosmoplanjur.com.br\/?page_id=65"},"modified":"2013-02-13T14:49:31","modified_gmt":"2013-02-13T17:49:31","slug":"tribunais","status":"publish","type":"page","link":"https:\/\/cosmoplanjur.com.br\/?page_id=65","title":{"rendered":"Tribunais"},"content":{"rendered":"<table width=\"100%\" border=\"0\" cellspacing=\"0\" cellpadding=\"0\" align=\"center\">\n<tbody>\n<tr>\n<td height=\"27\"><strong>JUSTI\u00c7A FEDERAL<\/strong><\/td>\n<\/tr>\n<tr>\n<td height=\"27\">regi\u00e3o centro &#8211; oeste<\/td>\n<\/tr>\n<tr>\n<td height=\"27\">\u00bb\u00a0<a href=\"http:\/\/www.jfgo.jus.br\/\" target=\"_blank\">Goi\u00e1s<\/a><\/td>\n<\/tr>\n<tr>\n<td height=\"27\">\u00bb\u00a0<a href=\"http:\/\/www.jfmt.jus.br\/\" target=\"_blank\">Mato Grosso<\/a><\/td>\n<\/tr>\n<tr>\n<td height=\"27\">\u00bb\u00a0<a href=\"http:\/\/www.jfms.gov.br\/\" target=\"_blank\">Mato Grosso do Sul<\/a><\/td>\n<\/tr>\n<tr>\n<td height=\"27\">\u00bb\u00a0<a href=\"http:\/\/www.jfdf.jus.br\/\" target=\"_blank\">Distrito Federal<\/a><\/td>\n<\/tr>\n<tr>\n<td height=\"27\">regi\u00e3o nordeste<\/td>\n<\/tr>\n<tr>\n<td height=\"27\">\u00bb Maranh\u00e3o:\u00a0<a href=\"http:\/\/www.jfma.jus.br\/\" target=\"_blank\">Se\u00e7\u00e3o Judici\u00e1ria do Maranh\u00e3o<\/a>\u00a0|\u00a0<a href=\"http:\/\/www.ma.trf1.gov.br\/imperatriz\/\" target=\"_blank\">Se\u00e7\u00e3o Judici\u00e1ria de Imperatriz<\/a><\/td>\n<\/tr>\n<tr>\n<td height=\"27\">\u00bb\u00a0<a href=\"http:\/\/www.jfpi.jus.br\/\" target=\"_blank\">Piau\u00ed<\/a><\/td>\n<\/tr>\n<tr>\n<td height=\"27\">\u00bb\u00a0<a href=\"http:\/\/www.jfrn.gov.br\/\" target=\"_blank\">Rio Grande do Norte<\/a><\/td>\n<\/tr>\n<tr>\n<td height=\"27\">\u00bb\u00a0<a href=\"http:\/\/www.jfpb.jus.br\/\" target=\"_blank\">Para\u00edba<\/a><\/td>\n<\/tr>\n<tr>\n<td height=\"27\">\u00bb\u00a0<a href=\"http:\/\/www.jfpe.gov.br\/\" target=\"_blank\">Pernambuco<\/a><\/td>\n<\/tr>\n<tr>\n<td height=\"27\">\u00bb\u00a0<a href=\"http:\/\/www.jfal.jus.br\/\" target=\"_blank\">Alagoas<\/a><\/td>\n<\/tr>\n<tr>\n<td height=\"27\">\u00bb\u00a0<a href=\"http:\/\/www.jfse.jus.br\/\/consulta_pro2.html\" target=\"_blank\">Sergipe<\/a><\/td>\n<\/tr>\n<tr>\n<td height=\"27\">\u00bb Bahia:\u00a0<a href=\"http:\/\/www.jfba.jus.br\/\" target=\"_blank\">Se\u00e7\u00e3o Judici\u00e1ria da Bahia<\/a>\u00a0|\u00a0<a href=\"http:\/\/www.jfba.jus.br\/JFBA\/Subsecoes\/Ilheus\/subsecao_ils.htm\" target=\"_blank\">Se\u00e7\u00e3o Judici\u00e1ria de Ilh\u00e9us<\/a><\/td>\n<\/tr>\n<tr>\n<td height=\"27\">regi\u00e3o norte<\/td>\n<\/tr>\n<tr>\n<td height=\"27\">\u00bb\u00a0<a href=\"http:\/\/www.jfac.jus.br\/\" target=\"_blank\">Acre<\/a><\/td>\n<\/tr>\n<tr>\n<td height=\"27\">\u00bb\u00a0<a href=\"http:\/\/www.jfam.jus.br\/\" target=\"_blank\">Amazonas<\/a><\/td>\n<\/tr>\n<tr>\n<td height=\"27\">\u00bb\u00a0<a href=\"http:\/\/www.jfrr.jus.br\/\" target=\"_blank\">Roraima<\/a><\/td>\n<\/tr>\n<tr>\n<td height=\"27\">\u00bb\u00a0<a href=\"http:\/\/www.jfro.jus.br\/\" target=\"_blank\">Rond\u00f4nia<\/a><\/td>\n<\/tr>\n<tr>\n<td height=\"27\">\u00bb Par\u00e1:\u00a0<a href=\"http:\/\/www.jfpa.jus.br\/\" target=\"_blank\">Se\u00e7\u00e3o Judici\u00e1ria do Par\u00e1<\/a>\u00a0|\u00a0<a href=\"http:\/\/www.jfpa.jus.br\/subsecoes\/maraba\/\" target=\"_blank\">Se\u00e7\u00e3o Judici\u00e1ria de Marab\u00e1<\/a>\u00a0|\u00a0<a href=\"http:\/\/www.jfpa.jus.br\/subsecoes\/santarem\/\" target=\"_blank\">Se\u00e7\u00e3o Judici\u00e1ria de Santar\u00e9m<\/a><\/td>\n<\/tr>\n<tr>\n<td height=\"27\">\u00bb\u00a0<a href=\"http:\/\/www.jfap.jus.br\/\" target=\"_blank\">Amap\u00e1<\/a><\/td>\n<\/tr>\n<tr>\n<td height=\"27\">\u00bb\u00a0<a href=\"http:\/\/www.jfto.jus.br\/\" target=\"_blank\">Tocantins<\/a><\/td>\n<\/tr>\n<tr>\n<td height=\"27\">regi\u00e3o sudeste<\/td>\n<\/tr>\n<tr>\n<td height=\"27\">\u00bb Minas Gerais:\u00a0<a href=\"http:\/\/www.jfmg.jus.br\/\" target=\"_blank\">Se\u00e7\u00e3o Judici\u00e1ria de Minas Gerais<\/a>\u00a0|\u00a0<a href=\"http:\/\/www.jfmg.jus.br\/Institucional\/Telefones\/Juiz_Fora.htm\" target=\"_blank\">Se\u00e7\u00e3o Judici\u00e1ria de Juiz de Fora<\/a>\u00a0|\u00a0<a href=\"http:\/\/www.jfmg.jus.br\/Subsecao\/uba\/subsecao_interna.htm\" target=\"_blank\">Se\u00e7\u00e3o Judici\u00e1ria de Uberaba<\/a>\u00a0|\u00a0<a href=\"http:\/\/www.jfmg.jus.br\/Subsecao\/ube\/subsecao_interna.htm\" target=\"_blank\">Se\u00e7\u00e3o Judici\u00e1ria de Uberl\u00e2ndia<\/a><\/td>\n<\/tr>\n<tr>\n<td height=\"27\">\u00bb\u00a0<a href=\"http:\/\/www2.jfes.jus.br\/jfes\/consulta\/cons_procs.asp\" target=\"_blank\">Esp\u00edrito Santo<\/a><\/td>\n<\/tr>\n<tr>\n<td height=\"27\">\u00bb\u00a0<a href=\"http:\/\/www.trf3.jus.br\/\" target=\"_blank\">S\u00e3o Paulo<\/a><\/td>\n<\/tr>\n<tr>\n<td height=\"27\">\u00bb\u00a0<a href=\"http:\/\/www.jfrj.jus.br\/\" target=\"_blank\">Rio de Janeiro<\/a><\/td>\n<\/tr>\n<tr>\n<td height=\"27\">regi\u00e3o sul<\/td>\n<\/tr>\n<tr>\n<td height=\"27\">\u00bb\u00a0<a href=\"http:\/\/www.jfpr.gov.br\/\" target=\"_blank\">Paran\u00e1<\/a><\/td>\n<\/tr>\n<tr>\n<td height=\"27\">\u00bb\u00a0<a href=\"http:\/\/www.jfsc.gov.br\/\" target=\"_blank\">Santa Catarina<\/a><\/td>\n<\/tr>\n<tr>\n<td height=\"27\">\u00bb\u00a0<a href=\"http:\/\/www.jfrs.gov.br\/\" target=\"_blank\">Rio Grande do Sul<\/a><\/td>\n<\/tr>\n<tr>\n<td height=\"27\"><strong>JUSTI\u00c7A ESTADUAL &#8211; 1\u00ba E 2\u00ba GRAU<\/strong><\/td>\n<\/tr>\n<tr>\n<td>regi\u00e3o centro &#8211; oeste<\/td>\n<\/tr>\n<tr>\n<td height=\"27\">\u00bb\u00a0<a href=\"http:\/\/www.tjgo.jus.br\/\" target=\"_blank\">Goi\u00e1s<\/a><\/td>\n<\/tr>\n<tr>\n<td height=\"27\">\u00bb\u00a0<a href=\"http:\/\/www.tj.mt.gov.br\/\" target=\"_blank\">Mato Grosso<\/a><\/td>\n<\/tr>\n<tr>\n<td height=\"27\">\u00bb\u00a0<a href=\"http:\/\/www.tjms.jus.br\/\" target=\"_blank\">Mato Grosso do Sul<\/a><\/td>\n<\/tr>\n<tr>\n<td height=\"27\">\u00bb\u00a0<a href=\"http:\/\/www.tjdft.jus.br\/\" target=\"_blank\">Distrito Federal<\/a><\/td>\n<\/tr>\n<tr>\n<td>regi\u00e3o nordeste<\/td>\n<\/tr>\n<tr>\n<td height=\"27\">\u00bb\u00a0<a href=\"http:\/\/www.tjma.jus.br\/site\/\" target=\"_blank\">Maranh\u00e3o<\/a><\/td>\n<\/tr>\n<tr>\n<td height=\"27\">\u00bb\u00a0<a href=\"http:\/\/www.tjpi.jus.br\/site\/Init.mtw\" target=\"_blank\">Piau\u00ed<\/a><\/td>\n<\/tr>\n<tr>\n<td height=\"27\">\u00bb\u00a0<a href=\"http:\/\/www.tjrn.jus.br:8080\/sitetj\/\" target=\"_blank\">Rio Grande do Norte<\/a><\/td>\n<\/tr>\n<tr>\n<td height=\"27\">\u00bb\u00a0<a href=\"http:\/\/www.tjpb.jus.br\/\" target=\"_blank\">Para\u00edba<\/a><\/td>\n<\/tr>\n<tr>\n<td height=\"27\">\u00bb\u00a0<a href=\"http:\/\/www.tjpe.jus.br\/index.asp\" target=\"_blank\">Pernambuco<\/a><\/td>\n<\/tr>\n<tr>\n<td height=\"27\">\u00bb\u00a0<a href=\"http:\/\/www.tjpi.jus.br\/site\/Init.mtw\" target=\"_blank\">Alagoas<\/a><\/td>\n<\/tr>\n<tr>\n<td height=\"27\">\u00bb\u00a0<a href=\"http:\/\/www.tjse.jus.br\/\" target=\"_blank\">Sergipe<\/a><\/td>\n<\/tr>\n<tr>\n<td height=\"27\">\u00bb\u00a0<a href=\"http:\/\/www.tjce.jus.br\/principal\/default.asp\" target=\"_blank\">Cear\u00e1<\/a><\/td>\n<\/tr>\n<tr>\n<td height=\"27\">\u00bb\u00a0<a href=\"http:\/\/www5.tjba.jus.br\/index.php\" target=\"_blank\">Bahia<\/a><\/td>\n<\/tr>\n<tr>\n<td>regi\u00e3o norte<\/td>\n<\/tr>\n<tr>\n<td height=\"27\">\u00bb\u00a0<a href=\"http:\/\/www.tjac.jus.br\/\" target=\"_blank\">Acre<\/a><\/td>\n<\/tr>\n<tr>\n<td height=\"27\">\u00bb\u00a0<a href=\"http:\/\/www.tjam.jus.br\/\" target=\"_blank\">Amazonas<\/a><\/td>\n<\/tr>\n<tr>\n<td height=\"27\">\u00bb\u00a0<a href=\"http:\/\/www.tj.rr.gov.br\/site\/\" target=\"_blank\">Roraima<\/a><\/td>\n<\/tr>\n<tr>\n<td height=\"27\">\u00bb\u00a0<a href=\"http:\/\/www.tj.ro.gov.br\/\" target=\"_blank\">Rond\u00f4nia<\/a><\/td>\n<\/tr>\n<tr>\n<td height=\"27\">\u00bb\u00a0<a href=\"http:\/\/www.tjpa.jus.br\/index.xml\" target=\"_blank\">Par\u00e1<\/a><\/td>\n<\/tr>\n<tr>\n<td height=\"27\">\u00bb\u00a0<a href=\"http:\/\/www.tjap.jus.br\/portal\/\" target=\"_blank\">Amap\u00e1<\/a><\/td>\n<\/tr>\n<tr>\n<td height=\"27\">\u00bb\u00a0<a href=\"http:\/\/www.tj.to.gov.br\/processos.asp\" target=\"_blank\">Tocantins<\/a><\/td>\n<\/tr>\n<tr>\n<td>regi\u00e3o sudeste<\/td>\n<\/tr>\n<tr>\n<td height=\"27\">\u00bb\u00a0<a href=\"http:\/\/www.tjmg.jus.br\/\" target=\"_blank\">Minas Gerais<\/a><\/td>\n<\/tr>\n<tr>\n<td height=\"27\">\u00bb\u00a0<a href=\"http:\/\/www.tj.es.gov.br\/\" target=\"_blank\">Esp\u00edrito Santo<\/a><\/td>\n<\/tr>\n<tr>\n<td height=\"27\">\u00bb\u00a0<a href=\"http:\/\/www.tj.sp.gov.br\/\" target=\"_blank\">S\u00e3o Paulo<\/a><\/td>\n<\/tr>\n<tr>\n<td height=\"27\">\u00bb\u00a0<a href=\"http:\/\/www.tj.rj.gov.br\/\" target=\"_blank\">Rio de Janeiro<\/a><\/td>\n<\/tr>\n<tr>\n<td>regi\u00e3o sul<\/td>\n<\/tr>\n<tr>\n<td height=\"27\">\u00bb\u00a0<a href=\"http:\/\/www.tjpr.jus.br\/\" target=\"_blank\">Paran\u00e1<\/a><\/td>\n<\/tr>\n<tr>\n<td height=\"27\">\u00bb\u00a0<a href=\"http:\/\/www.tj.sc.gov.br\/\" target=\"_blank\">Santa Catarina<\/a><\/td>\n<\/tr>\n<tr>\n<td height=\"27\">\u00bb\u00a0<a href=\"http:\/\/www.jfrs.gov.br\/\" target=\"_blank\">Rio Grande do Sul<\/a><\/td>\n<\/tr>\n<tr>\n<td height=\"27\"><strong>JUSTI\u00c7A MILITAR<\/strong><\/td>\n<\/tr>\n<tr>\n<td height=\"27\">\u00bb\u00a0<a href=\"http:\/\/www.tjm.mg.gov.br\/\" target=\"_blank\">Minas Gerais<\/a><\/td>\n<\/tr>\n<tr>\n<td height=\"27\">\u00bb\u00a0<a href=\"http:\/\/www.tjmsp.jus.br\/\" target=\"_blank\">S\u00e3o Paulo<\/a><\/td>\n<\/tr>\n<tr>\n<td height=\"27\"><strong>TRIBUNAIS SUPERIORES<\/strong><\/td>\n<\/tr>\n<tr>\n<td height=\"27\">\u00bb\u00a0<a href=\"http:\/\/www.stf.jus.br\/portal\/principal\/principal.asp\" target=\"_blank\">Supremo Tribunal Federal<\/a><\/td>\n<\/tr>\n<tr>\n<td height=\"27\">\u00bb\u00a0<a href=\"http:\/\/www.stj.gov.br\/webstj\/processo\/justica\/\" target=\"_blank\">Superior Tribunal de Justi\u00e7a<\/a><\/td>\n<\/tr>\n<tr>\n<td height=\"27\">\u00bb\u00a0<a href=\"http:\/\/www.tst.gov.br\/\" target=\"_blank\">Tribunal Superior do Trabalho<\/a><\/td>\n<\/tr>\n<tr>\n<td height=\"27\">\u00bb\u00a0<a href=\"http:\/\/www.tse.gov.br\/sadjudsadppush\/pesquisa.jsp\" target=\"_blank\">Tribunal Superior Eleitoral<\/a><\/td>\n<\/tr>\n<tr>\n<td height=\"27\">\u00bb\u00a0<a href=\"http:\/\/www.stm.jus.br\/\" target=\"_blank\">Superior Tribunal Militar<\/a><\/td>\n<\/tr>\n<tr>\n<td height=\"27\"><strong>TRIBUNAL REGIONAL FEDERAL<\/strong><\/td>\n<\/tr>\n<tr>\n<td height=\"27\">\u00bb\u00a0<a href=\"http:\/\/processual.trf1.jus.br\/\" target=\"_blank\">Tribunal Regional Federal da 1\u00aa Regi\u00e3o<\/a><\/td>\n<\/tr>\n<tr>\n<td height=\"27\">\u00bb\u00a0<a href=\"http:\/\/www.trf2.jus.br\/paginas\/paginainicial.aspx\" target=\"_blank\">Tribunal Regional Federal da 2\u00aa Regi\u00e3o<\/a><\/td>\n<\/tr>\n<tr>\n<td height=\"27\">\u00bb\u00a0<a href=\"http:\/\/www.trf3.jus.br\/\" target=\"_blank\">Tribunal Regional Federal da 3\u00aa Regi\u00e3o<\/a><\/td>\n<\/tr>\n<tr>\n<td height=\"27\">\u00bb\u00a0<a href=\"http:\/\/www.trf4.jus.br\/trf4\/processos\/acompanhamento\/pesquisa.php\" target=\"_blank\">Tribunal Regional Federal da 4\u00aa Regi\u00e3o<\/a><\/td>\n<\/tr>\n<tr>\n<td height=\"27\">\u00bb\u00a0<a href=\"http:\/\/www.trf5.jus.br\/espartaweb\/\" target=\"_blank\">Tribunal Regional Federal da 5\u00aa Regi\u00e3o<\/a><\/td>\n<\/tr>\n<tr>\n<td height=\"27\"><strong>TRIBUNAL DE IMPOSTO E TAXA<\/strong><\/td>\n<\/tr>\n<tr>\n<td height=\"27\">\u00bb\u00a0<a href=\"http:\/\/www.fazenda.sp.gov.br\/tit\/extrato\/extrato.asp\" target=\"_blank\">S\u00e3o Paulo<\/a><\/td>\n<\/tr>\n<tr>\n<td height=\"27\"><strong>PROCURADORIA<\/strong><\/td>\n<\/tr>\n<tr>\n<td height=\"27\">\u00bb\u00a0<a href=\"http:\/\/cf-internet.pgr.mpf.gov.br\/gap\/consulta\/index.cfm?orgao=stf\" target=\"_blank\">Procuradoria Geral da Rep\u00fablica<\/a><\/td>\n<\/tr>\n<tr>\n<td height=\"27\">\u00bb\u00a0<a href=\"http:\/\/www.pgt.mpt.gov.br\/\" target=\"_blank\">Procuradoria Geral do Trabalho<\/a><\/td>\n<\/tr>\n<tr>\n<td height=\"27\"><strong>TRIBUNAL REGIONAL DO TRABALHO<\/strong><\/td>\n<\/tr>\n<tr>\n<td height=\"27\">regi\u00e3o centro &#8211; oeste<\/td>\n<\/tr>\n<tr>\n<td height=\"27\">\u00bb\u00a0<a href=\"http:\/\/www.trt10.jus.br\/\" target=\"_blank\">Tribunal &#8211; 10\u00aa Regi\u00e3o DF<\/a><\/td>\n<\/tr>\n<tr>\n<td height=\"27\">\u00bb\u00a0<a href=\"http:\/\/processual.trf1.jus.br\/\" target=\"_blank\">Tribunal &#8211; 18\u00aa Regi\u00e3o GO<\/a><\/td>\n<\/tr>\n<tr>\n<td height=\"27\">\u00bb\u00a0<a href=\"http:\/\/www.trt23.gov.br\/consultas\/consulta-processos\/index.asp\" target=\"_blank\">Tribunal &#8211; 23\u00aa Regi\u00e3o MT<\/a><\/td>\n<\/tr>\n<tr>\n<td height=\"27\">regi\u00e3o nordeste<\/td>\n<\/tr>\n<tr>\n<td height=\"27\">\u00bb\u00a0<a href=\"http:\/\/www.trt6.gov.br\/portal\" target=\"_blank\">Tribunal &#8211; 6\u00aa Regi\u00e3o PE<\/a><\/td>\n<\/tr>\n<tr>\n<td height=\"27\">\u00bb\u00a0<a href=\"http:\/\/www.trt7.gov.br\/\" target=\"_blank\">Tribunal &#8211; 7\u00aa Regi\u00e3o CE<\/a><\/td>\n<\/tr>\n<tr>\n<td height=\"27\">\u00bb\u00a0<a href=\"https:\/\/www.trt13.jus.br\/portalservicos\/\" target=\"_blank\">Tribunal &#8211; 13\u00aa Regi\u00e3o PB<\/a><\/td>\n<\/tr>\n<tr>\n<td height=\"27\">\u00bb\u00a0<a href=\"http:\/\/www.trt16.jus.br\/layout\/editais.php?p_index=5&amp;p_tp_edital=6\" target=\"_blank\">Tribunal &#8211; 16\u00aa Regi\u00e3o MA<\/a><\/td>\n<\/tr>\n<tr>\n<td height=\"27\">\u00bb\u00a0<a href=\"http:\/\/www.trt19.jus.br\/siteTRT19\/\" target=\"_blank\">Tribunal &#8211; 19\u00aa Regi\u00e3o AL<\/a><\/td>\n<\/tr>\n<tr>\n<td height=\"27\">\u00bb\u00a0<a href=\"http:\/\/www.trt20.gov.br:7780\/php\/\" target=\"_blank\">Tribunal &#8211; 20\u00aa Regi\u00e3o SE<\/a><\/td>\n<\/tr>\n<tr>\n<td height=\"27\">\u00bb\u00a0<a href=\"http:\/\/www.trt21.gov.br\/asp\/online\/entrada.asp\" target=\"_blank\">Tribunal &#8211; 21\u00aa Regi\u00e3o RN<\/a><\/td>\n<\/tr>\n<tr>\n<td height=\"27\">regi\u00e3o sudeste<\/td>\n<\/tr>\n<tr>\n<td height=\"27\">\u00bb\u00a0<a href=\"http:\/\/www.trtsp.jus.br\/\" target=\"_blank\">Tribunal &#8211; 2\u00aa Regi\u00e3o SP<\/a><\/td>\n<\/tr>\n<tr>\n<td height=\"27\">\u00bb\u00a0<a href=\"http:\/\/www.trtes.jus.br\/index.aspx?pg=acompanhamento.ascx\" target=\"_blank\">Tribunal &#8211; 17\u00aa Regi\u00e3o ES<\/a><\/td>\n<\/tr>\n<tr>\n<td height=\"27\">\u00bb\u00a0<a href=\"http:\/\/www.trt15.jus.br\/\" target=\"_blank\">Tribunal &#8211; 15\u00aa Regi\u00e3o Campinas<\/a><\/td>\n<\/tr>\n<tr>\n<td height=\"27\">\u00bb\u00a0<a href=\"http:\/\/www.mg.trt.gov.br\/\" target=\"_blank\">Tribunal &#8211; 3\u00aa Regi\u00e3o MG<\/a><\/td>\n<\/tr>\n<tr>\n<td height=\"27\">regi\u00e3o sul<\/td>\n<\/tr>\n<tr>\n<td height=\"27\">\u00bb\u00a0<a href=\"http:\/\/www.trt9.jus.br\/internet_base\/inicial.do;jsessionid=e8c7aa1c9901a54baf85b3454a37843f.node11?evento=cookie\" target=\"_blank\">Tribunal &#8211; 9\u00aa Regi\u00e3o PR<\/a><\/td>\n<\/tr>\n<tr>\n<td height=\"27\">\u00bb\u00a0<a href=\"http:\/\/www.trt12.jus.br\/sap2\/processolistar.do?toten=s\" target=\"_blank\">Tribunal &#8211; 12\u00aa Regi\u00e3o SC<\/a><\/td>\n<\/tr>\n<tr>\n<td height=\"27\">\u00bb\u00a0<a href=\"https:\/\/www.trt13.jus.br\/portalservicos\/\" target=\"_blank\">Tribunal &#8211; 13\u00aa Regi\u00e3o RS<\/a><\/td>\n<\/tr>\n<tr>\n<td height=\"27\">regi\u00e3o norte<\/td>\n<\/tr>\n<tr>\n<td height=\"27\">\u00bb\u00a0<a href=\"http:\/\/www.trt11.jus.br\/consulta1instancia.asp\" target=\"_blank\">Tribunal &#8211; 11\u00aa Regi\u00e3o AM<\/a><\/td>\n<\/tr>\n<tr>\n<td height=\"27\">\u00bb\u00a0<a href=\"http:\/\/www.trt14.gov.br\/consultas.htm\" target=\"_blank\">Tribunal &#8211; 14\u00aa Regi\u00e3o RO e AC<\/a><\/td>\n<\/tr>\n<tr>\n<td height=\"27\"><strong>TRIBUNAL DE CONTAS<\/strong><\/td>\n<\/tr>\n<tr>\n<td height=\"27\">\u00bb\u00a0<a href=\"http:\/\/www.tce.go.gov.br\/default.aspx\" target=\"_blank\">Goi\u00e1s<\/a><\/td>\n<\/tr>\n<tr>\n<td height=\"27\">\u00bb\u00a0<a href=\"http:\/\/www.tce.pi.gov.br\/\" target=\"_blank\">Piau\u00ed<\/a><\/td>\n<\/tr>\n<tr>\n<td height=\"27\">\u00bb\u00a0<a href=\"http:\/\/www.tce.rn.gov.br\/2009\/index.asp\" target=\"_blank\">Rio Grande do Norte<\/a><\/td>\n<\/tr>\n<tr>\n<td height=\"27\">\u00bb\u00a0<a href=\"http:\/\/www.tce.rs.gov.br\/\" target=\"_blank\">Rio Grande do Sul<\/a><\/td>\n<\/tr>\n<tr>\n<td height=\"27\">\u00bb\u00a0<a href=\"http:\/\/www.tce.sp.gov.br\/\" target=\"_blank\">S\u00e3o Paulo<\/a><\/td>\n<\/tr>\n<tr>\n<td height=\"27\">\u00bb\u00a0<a href=\"http:\/\/www.tce.se.gov.br\/\" target=\"_blank\">Sergipe<\/a><\/td>\n<\/tr>\n<\/tbody>\n<\/table>\n","protected":false},"excerpt":{"rendered":"<p>JUSTI\u00c7A FEDERAL regi\u00e3o centro &#8211; oeste \u00bb\u00a0Goi\u00e1s \u00bb\u00a0Mato Grosso \u00bb\u00a0Mato Grosso do Sul \u00bb\u00a0Distrito Federal regi\u00e3o nordeste \u00bb Maranh\u00e3o:\u00a0Se\u00e7\u00e3o Judici\u00e1ria do Maranh\u00e3o\u00a0|\u00a0Se\u00e7\u00e3o Judici\u00e1ria de Imperatriz \u00bb\u00a0Piau\u00ed \u00bb\u00a0Rio Grande do Norte \u00bb\u00a0Para\u00edba \u00bb\u00a0Pernambuco \u00bb\u00a0Alagoas \u00bb\u00a0Sergipe \u00bb Bahia:\u00a0Se\u00e7\u00e3o Judici\u00e1ria da Bahia\u00a0|\u00a0Se\u00e7\u00e3o Judici\u00e1ria de Ilh\u00e9us regi\u00e3o norte \u00bb\u00a0Acre \u00bb\u00a0Amazonas \u00bb\u00a0Roraima \u00bb\u00a0Rond\u00f4nia \u00bb Par\u00e1:\u00a0Se\u00e7\u00e3o Judici\u00e1ria do Par\u00e1\u00a0|\u00a0Se\u00e7\u00e3o Judici\u00e1ria de &#8230;<\/p>\n","protected":false},"author":1,"featured_media":0,"parent":0,"menu_order":0,"comment_status":"open","ping_status":"open","template":"","meta":{"footnotes":""},"class_list":["post-65","page","type-page","status-publish","hentry"],"_links":{"self":[{"href":"https:\/\/cosmoplanjur.com.br\/index.php?rest_route=\/wp\/v2\/pages\/65","targetHints":{"allow":["GET"]}}],"collection":[{"href":"https:\/\/cosmoplanjur.com.br\/index.php?rest_route=\/wp\/v2\/pages"}],"about":[{"href":"https:\/\/cosmoplanjur.com.br\/index.php?rest_route=\/wp\/v2\/types\/page"}],"author":[{"embeddable":true,"href":"https:\/\/cosmoplanjur.com.br\/index.php?rest_route=\/wp\/v2\/users\/1"}],"replies":[{"embeddable":true,"href":"https:\/\/cosmoplanjur.com.br\/index.php?rest_route=%2Fwp%2Fv2%2Fcomments&post=65"}],"version-history":[{"count":2,"href":"https:\/\/cosmoplanjur.com.br\/index.php?rest_route=\/wp\/v2\/pages\/65\/revisions"}],"predecessor-version":[{"id":67,"href":"https:\/\/cosmoplanjur.com.br\/index.php?rest_route=\/wp\/v2\/pages\/65\/revisions\/67"}],"wp:attachment":[{"href":"https:\/\/cosmoplanjur.com.br\/index.php?rest_route=%2Fwp%2Fv2%2Fmedia&parent=65"}],"curies":[{"name":"wp","href":"https:\/\/api.w.org\/{rel}","templated":true}]}}