{"id":14,"date":"2017-01-24T09:00:55","date_gmt":"2017-01-24T12:00:55","guid":{"rendered":"http:\/\/cosmoplanjur.com.br\/?page_id=14"},"modified":"2017-01-24T10:14:32","modified_gmt":"2017-01-24T13:14:32","slug":"arquivos","status":"publish","type":"page","link":"https:\/\/cosmoplanjur.com.br\/?page_id=14","title":{"rendered":"Arquivos"},"content":{"rendered":"<h2><em>A\u00e7\u00f5es previdenci\u00e1rias &#8211; INSS<\/em><\/h2>\n<ul>\n<li><a title=\"Modelo Contrato Inss - 2015\" href=\"http:\/\/www.cosmoplanjur.com.br\/inss_modelo_2015.pdf\">CONTRATO DE HONOR\u00c1RIOS ADVOCAT\u00cdCIOS<\/a>\u00a0&#8211;\u00a0<span style=\"line-height: 1em; font-size: 1em;\">INSS <strong>(Junho\u00a0de 2015) <\/strong>*pdf<\/span><\/li>\n<li><a style=\"font-size: 1em; line-height: 1em;\" title=\"Rela\u00e7\u00e3o de documentos necess\u00e1rios para montar processo junto ao INSS\" href=\"http:\/\/cosmoplanjur.com.br\/wp-content\/uploads\/2012\/03\/Rela\u00e7\u00e3o-de-Documentos-para-INSS-montar-processo.pdf\">RELA\u00c7\u00c3O DE DOCUMENTOS PARA MONTAR PROCESSO INSS (2012)<\/a>\u00a0 * pdf<\/li>\n<li><a href=\"http:\/\/cosmoplanjur.com.br\/wp-content\/uploads\/2014\/01\/DECLARA\u00c7\u00c3O-DE-ISEN\u00c7\u00c3O-de-Imposto-de-Renda-em-A\u00e7\u00e3o-Judicial.pdf\">DECLARA\u00c7\u00c3O DE ISEN\u00c7\u00c3O de Imposto de Renda em A\u00e7\u00e3o Judicial<\/a>\u00a0&#8211; 2014 * pdf<\/li>\n<li><a href=\"http:\/\/www.cosmoplanjur.com.br\/hilton_minuta_2017.pdf\" rel=\"\">Minuta Contrato, Procura\u00e7\u00e3o, Hipossufici\u00eancia &#8211; A\u00e7\u00e3o INSS &#8211; DR HILTON<\/a>\u00a0&#8211; 2017 * pdf<\/li>\n<\/ul>\n<h2><\/h2>\n<h2><em>A\u00e7\u00f5es de Indeniza\u00e7\u00e3o\/Danos (Telef\u00f4nicas e outras)<\/em><\/h2>\n<ul>\n<li><a title=\"Modelo A\u00e7\u00f5es de Indeniza\u00e7\u00e3o - Danos Morais e Materiais (Telef\u00f4nicas e outras...)\" href=\"http:\/\/www.cosmoplanjur.com.br\/indenizacao_modelo_2015.pdf\">Modelo A\u00e7\u00e3o de Indeniza\u00e7\u00e3o (Empresas Telef\u00f4nicas)<\/a>\u00a0e outras\u00a0&#8211;\u00a0<strong>(Junho\u00a0de 2015)<\/strong> * pdf<\/li>\n<\/ul>\n<p>&nbsp;<\/p>\n<h2><em>Para baixar os arquivos edit\u00e1veis (docx), use os links abaixo:<\/em><\/h2>\n<ul>\n<li><a title=\"Formato Word DocX\" href=\"http:\/\/www.cosmoplanjur.com.br\/inss_modelo_2015.docx\">CONTRATO DE HONOR\u00c1RIOS ADVOCAT\u00cdCIOS<\/a>\u00a0&#8211;\u00a0<span style=\"line-height: 1em; font-size: 1em;\">INSS <strong>(Junho\u00a0de 2015)<\/strong><\/span><\/li>\n<li><a title=\"Baixar no formato WORD (docx)\" href=\"http:\/\/www.cosmoplanjur.com.br\/indenizacao_modelo_2015.docx\">Modelo A\u00e7\u00e3o de Indeniza\u00e7\u00e3o (Empresas Telef\u00f4nicas)<\/a>\u00a0e outros &#8211;\u00a0<strong>(Junho\u00a0de 2015)<\/strong><\/li>\n<li><a href=\"http:\/\/www.cosmoplanjur.com.br\/hilton_minuta_2017.docx\" rel=\"\">Minuta Contrato, Procura\u00e7\u00e3o, Hipossufici\u00eancia &#8211; A\u00e7\u00e3o INSS &#8211; DR HILTON<\/a>\u00a0&#8211; <strong>(Janeiro de 2017)<\/strong><\/li>\n<li><a href=\"http:\/\/www.cosmoplanjur.com.br\/hilton_papel_2017.docx\">Papel Timbrado DR. Hilton Gon\u00e7alves<\/a> &#8211; (Janeiro 2017)<\/li>\n<\/ul>\n<p>&nbsp;<\/p>\n<p>*Em breve teremos mais arquivos para downloads&#8230;..<\/p>\n<p>\u00daltima atualiza\u00e7\u00e3o:\u00a0<strong>24\/01\/2017 &#8211; 09hs53min<\/strong><\/p>\n","protected":false},"excerpt":{"rendered":"<p>A\u00e7\u00f5es previdenci\u00e1rias &#8211; INSS CONTRATO DE HONOR\u00c1RIOS ADVOCAT\u00cdCIOS\u00a0&#8211;\u00a0INSS (Junho\u00a0de 2015) *pdf RELA\u00c7\u00c3O DE DOCUMENTOS PARA MONTAR PROCESSO INSS (2012)\u00a0 * pdf DECLARA\u00c7\u00c3O DE ISEN\u00c7\u00c3O de Imposto de Renda em A\u00e7\u00e3o Judicial\u00a0&#8211; 2014 * pdf Minuta Contrato, Procura\u00e7\u00e3o, Hipossufici\u00eancia &#8211; A\u00e7\u00e3o INSS &#8211; DR HILTON\u00a0&#8211; 2017 * pdf A\u00e7\u00f5es de Indeniza\u00e7\u00e3o\/Danos (Telef\u00f4nicas e outras) Modelo A\u00e7\u00e3o &#8230;<\/p>\n","protected":false},"author":1,"featured_media":0,"parent":0,"menu_order":5,"comment_status":"open","ping_status":"open","template":"","meta":{"footnotes":""},"class_list":["post-14","page","type-page","status-publish","hentry"],"_links":{"self":[{"href":"https:\/\/cosmoplanjur.com.br\/index.php?rest_route=\/wp\/v2\/pages\/14","targetHints":{"allow":["GET"]}}],"collection":[{"href":"https:\/\/cosmoplanjur.com.br\/index.php?rest_route=\/wp\/v2\/pages"}],"about":[{"href":"https:\/\/cosmoplanjur.com.br\/index.php?rest_route=\/wp\/v2\/types\/page"}],"author":[{"embeddable":true,"href":"https:\/\/cosmoplanjur.com.br\/index.php?rest_route=\/wp\/v2\/users\/1"}],"replies":[{"embeddable":true,"href":"https:\/\/cosmoplanjur.com.br\/index.php?rest_route=%2Fwp%2Fv2%2Fcomments&post=14"}],"version-history":[{"count":34,"href":"https:\/\/cosmoplanjur.com.br\/index.php?rest_route=\/wp\/v2\/pages\/14\/revisions"}],"predecessor-version":[{"id":220,"href":"https:\/\/cosmoplanjur.com.br\/index.php?rest_route=\/wp\/v2\/pages\/14\/revisions\/220"}],"wp:attachment":[{"href":"https:\/\/cosmoplanjur.com.br\/index.php?rest_route=%2Fwp%2Fv2%2Fmedia&parent=14"}],"curies":[{"name":"wp","href":"https:\/\/api.w.org\/{rel}","templated":true}]}}